{"id":33,"date":"2018-02-02T16:55:39","date_gmt":"2018-02-02T15:55:39","guid":{"rendered":"https:\/\/symphony-studio.cz\/?page_id=33"},"modified":"2018-05-16T15:26:49","modified_gmt":"2018-05-16T13:26:49","slug":"projektova-analyza","status":"publish","type":"page","link":"https:\/\/symphony-studio.cz\/cs\/projektova-analyza\/","title":{"rendered":"Projektov\u00e1 anal\u00fdza","raw":"Projektov\u00e1 anal\u00fdza"},"content":{"rendered":"","protected":false,"raw":""},"excerpt":{"rendered":"","protected":false,"raw":""},"author":1,"featured_media":0,"parent":0,"menu_order":0,"comment_status":"closed","ping_status":"closed","template":"analysis.php","meta":{"_exactmetrics_skip_tracking":false,"_exactmetrics_sitenote_active":false,"_exactmetrics_sitenote_note":"","_exactmetrics_sitenote_category":0,"_cs_post_content":"","_cs_post_name":"projektova-analyza","_cs_post_excerpt":"","_cs_post_title":"Projektov\u00e1 anal\u00fdza","_en_post_content":"","_en_post_name":"project-analysis","_en_post_excerpt":"","_en_post_title":"Project analysis","edit_language":"cs","footnotes":""},"class_list":["post-33","page","type-page","status-publish","hentry"],"_links":{"self":[{"href":"https:\/\/symphony-studio.cz\/cs\/wp-json\/wp\/v2\/pages\/33","targetHints":{"allow":["GET"]}}],"collection":[{"href":"https:\/\/symphony-studio.cz\/cs\/wp-json\/wp\/v2\/pages"}],"about":[{"href":"https:\/\/symphony-studio.cz\/cs\/wp-json\/wp\/v2\/types\/page"}],"author":[{"embeddable":true,"href":"https:\/\/symphony-studio.cz\/cs\/wp-json\/wp\/v2\/users\/1"}],"replies":[{"embeddable":true,"href":"https:\/\/symphony-studio.cz\/cs\/wp-json\/wp\/v2\/comments?post=33"}],"version-history":[{"count":2,"href":"https:\/\/symphony-studio.cz\/cs\/wp-json\/wp\/v2\/pages\/33\/revisions"}],"predecessor-version":[{"id":52,"href":"https:\/\/symphony-studio.cz\/cs\/wp-json\/wp\/v2\/pages\/33\/revisions\/52"}],"wp:attachment":[{"href":"https:\/\/symphony-studio.cz\/cs\/wp-json\/wp\/v2\/media?parent=33"}],"curies":[{"name":"wp","href":"https:\/\/api.w.org\/{rel}","templated":true}]}}